{"id":2295,"date":"2025-10-27T13:50:03","date_gmt":"2025-10-27T12:50:03","guid":{"rendered":"https:\/\/wolu20medicalcenter.be\/?page_id=2295"},"modified":"2025-10-27T14:24:12","modified_gmt":"2025-10-27T13:24:12","slug":"kinesitherapie-p","status":"publish","type":"page","link":"https:\/\/wolu20medicalcenter.be\/en\/kinesitherapie-p\/","title":{"rendered":"Physiotherapy"},"content":{"rendered":"<div data-elementor-type=\"wp-page\" data-elementor-id=\"2295\" class=\"elementor elementor-2295\" data-elementor-post-type=\"page\">\n\t\t\t\t\t\t<section class=\"elementor-section elementor-top-section elementor-element elementor-element-04e5eb0 elementor-section-height-min-height elementor-section-boxed elementor-section-height-default elementor-section-items-middle\" data-id=\"04e5eb0\" data-element_type=\"section\" data-e-type=\"section\" data-settings=\"{&quot;background_background&quot;:&quot;classic&quot;}\">\n\t\t\t\t\t\t\t<div class=\"elementor-background-overlay\"><\/div>\n\t\t\t\t\t\t\t<div class=\"elementor-container elementor-column-gap-default\">\n\t\t\t\t\t<div class=\"elementor-column elementor-col-100 elementor-top-column elementor-element elementor-element-ac13baa\" data-id=\"ac13baa\" data-element_type=\"column\" data-e-type=\"column\">\n\t\t\t<div class=\"elementor-widget-wrap elementor-element-populated\">\n\t\t\t\t\t\t\t<\/div>\n\t\t<\/div>\n\t\t\t\t\t<\/div>\n\t\t<\/section>\n\t\t<div class=\"elementor-element elementor-element-66d695a e-flex e-con-boxed e-con e-parent\" data-id=\"66d695a\" data-element_type=\"container\" data-e-type=\"container\">\n\t\t\t\t\t<div class=\"e-con-inner\">\n\t\t<div class=\"elementor-element elementor-element-fd17f0b e-con-full e-flex e-con e-child\" data-id=\"fd17f0b\" data-element_type=\"container\" data-e-type=\"container\">\n\t\t\t\t<div class=\"elementor-element elementor-element-6981b5e elementor-grid-3 elementor-grid-tablet-2 elementor-grid-mobile-1 elementor-posts--thumbnail-top elementor-card-shadow-yes elementor-posts__hover-gradient elementor-widget elementor-widget-posts\" data-id=\"6981b5e\" data-element_type=\"widget\" data-e-type=\"widget\" data-settings=\"{&quot;cards_columns&quot;:&quot;3&quot;,&quot;cards_columns_tablet&quot;:&quot;2&quot;,&quot;cards_columns_mobile&quot;:&quot;1&quot;,&quot;cards_row_gap&quot;:{&quot;unit&quot;:&quot;px&quot;,&quot;size&quot;:35,&quot;sizes&quot;:[]},&quot;cards_row_gap_tablet&quot;:{&quot;unit&quot;:&quot;px&quot;,&quot;size&quot;:&quot;&quot;,&quot;sizes&quot;:[]},&quot;cards_row_gap_mobile&quot;:{&quot;unit&quot;:&quot;px&quot;,&quot;size&quot;:&quot;&quot;,&quot;sizes&quot;:[]}}\" data-widget_type=\"posts.cards\">\n\t\t\t\t<div class=\"elementor-widget-container\">\n\t\t\t\t\t\t\t<div class=\"elementor-posts-container elementor-posts elementor-posts--skin-cards elementor-grid\" role=\"list\">\n\t\t\t\t<article class=\"elementor-post elementor-grid-item post-532 post type-post status-publish format-standard has-post-thumbnail hentry category-kinesitherapie\" role=\"listitem\">\n\t\t\t<div class=\"elementor-post__card\">\n\t\t\t\t<a class=\"elementor-post__thumbnail__link\" href=\"https:\/\/wolu20medicalcenter.be\/en\/kinesitherapie-en-orthopedie-traumatologie-et-la-reeducation\/\" tabindex=\"-1\" ><div class=\"elementor-post__thumbnail\"><img fetchpriority=\"high\" decoding=\"async\" width=\"500\" height=\"334\" src=\"https:\/\/wolu20medicalcenter.be\/wp-content\/uploads\/fotolia_93677495.jpg\" class=\"attachment-medium size-medium wp-image-361\" alt=\"Kin\u00e9sith\u00e9rapie\" title=\"\"><\/div><\/a>\n\t\t\t\t<div class=\"elementor-post__badge\">Physiotherapy<\/div>\n\t\t\t\t<div class=\"elementor-post__text\">\n\t\t\t\t<h3 class=\"elementor-post__title\">\n\t\t\t<a href=\"https:\/\/wolu20medicalcenter.be\/en\/kinesitherapie-en-orthopedie-traumatologie-et-la-reeducation\/\" >\n\t\t\t\tPhysiotherapy in Orthopedics, Traumatology and Rehabilitation\t\t\t<\/a>\n\t\t<\/h3>\n\t\t\t\t<div class=\"elementor-post__excerpt\">\n\t\t\t<p>Physical therapy in orthopedics and traumatology concerns all types of patients (adults, children, athletes, etc.).<\/p>\n\t\t<\/div>\n\t\t\n\t\t<a class=\"elementor-post__read-more\" href=\"https:\/\/wolu20medicalcenter.be\/en\/kinesitherapie-en-orthopedie-traumatologie-et-la-reeducation\/\" aria-label=\"Read more about Kin\u00e9sith\u00e9rapie en Orthop\u00e9die, Traumatologie et la r\u00e9\u00e9ducation\" tabindex=\"-1\" >\n\t\t\tRead more \u00bb\t\t<\/a>\n\n\t\t\t\t<\/div>\n\t\t\t\t\t<\/div>\n\t\t<\/article>\n\t\t\t\t<article class=\"elementor-post elementor-grid-item post-554 post type-post status-publish format-standard has-post-thumbnail hentry category-kinesitherapie\" role=\"listitem\">\n\t\t\t<div class=\"elementor-post__card\">\n\t\t\t\t<a class=\"elementor-post__thumbnail__link\" href=\"https:\/\/wolu20medicalcenter.be\/en\/therapie-par-ondes-de-choc-radiales\/\" tabindex=\"-1\" ><div class=\"elementor-post__thumbnail\"><img decoding=\"async\" width=\"388\" height=\"396\" src=\"https:\/\/wolu20medicalcenter.be\/wp-content\/uploads\/ondes-de-choc-kine_wolu20.jpg\" class=\"attachment-medium size-medium wp-image-376\" alt=\"Th\u00e9rapie par Ondes de Choc Radiales\" title=\"\"><\/div><\/a>\n\t\t\t\t<div class=\"elementor-post__badge\">Physiotherapy<\/div>\n\t\t\t\t<div class=\"elementor-post__text\">\n\t\t\t\t<h3 class=\"elementor-post__title\">\n\t\t\t<a href=\"https:\/\/wolu20medicalcenter.be\/en\/therapie-par-ondes-de-choc-radiales\/\" >\n\t\t\t\tRadial Shock Wave Therapy\t\t\t<\/a>\n\t\t<\/h3>\n\t\t\t\t<div class=\"elementor-post__excerpt\">\n\t\t\t<p>Radial shock waves are high-pressure mechanical waves emitted by an electro-pneumatic system and transmitted through the skin surface to the various pathological tissues.<\/p>\n\t\t<\/div>\n\t\t\n\t\t<a class=\"elementor-post__read-more\" href=\"https:\/\/wolu20medicalcenter.be\/en\/therapie-par-ondes-de-choc-radiales\/\" aria-label=\"Read more about Th\u00e9rapie par Ondes de Choc Radiales\" tabindex=\"-1\" >\n\t\t\tRead more \u00bb\t\t<\/a>\n\n\t\t\t\t<\/div>\n\t\t\t\t\t<\/div>\n\t\t<\/article>\n\t\t\t\t<article class=\"elementor-post elementor-grid-item post-616 post type-post status-publish format-standard has-post-thumbnail hentry category-kinesitherapie\" role=\"listitem\">\n\t\t\t<div class=\"elementor-post__card\">\n\t\t\t\t<a class=\"elementor-post__thumbnail__link\" href=\"https:\/\/wolu20medicalcenter.be\/en\/therapie-manuelle-orthopedique\/\" tabindex=\"-1\" ><div class=\"elementor-post__thumbnail\"><img decoding=\"async\" width=\"451\" height=\"301\" src=\"https:\/\/wolu20medicalcenter.be\/wp-content\/uploads\/therapie-manuelle-kine_wolu20.jpg\" class=\"attachment-medium size-medium wp-image-388\" alt=\"Th\u00e9rapie Manuelle Orthop\u00e9dique\" title=\"\"><\/div><\/a>\n\t\t\t\t<div class=\"elementor-post__badge\">Physiotherapy<\/div>\n\t\t\t\t<div class=\"elementor-post__text\">\n\t\t\t\t<h3 class=\"elementor-post__title\">\n\t\t\t<a href=\"https:\/\/wolu20medicalcenter.be\/en\/therapie-manuelle-orthopedique\/\" >\n\t\t\t\tOrthopedic Manual Therapy\t\t\t<\/a>\n\t\t<\/h3>\n\t\t\t\t<div class=\"elementor-post__excerpt\">\n\t\t\t<p>Orthopedic manual therapy is a specialization of physical therapy for neuromusculoskeletal pathologies.\nManual therapy is based on scientific evidence, clinician expertise and rigorous clinical examination.<\/p>\n\t\t<\/div>\n\t\t\n\t\t<a class=\"elementor-post__read-more\" href=\"https:\/\/wolu20medicalcenter.be\/en\/therapie-manuelle-orthopedique\/\" aria-label=\"Read more about Th\u00e9rapie Manuelle Orthop\u00e9dique\" tabindex=\"-1\" >\n\t\t\tRead more \u00bb\t\t<\/a>\n\n\t\t\t\t<\/div>\n\t\t\t\t\t<\/div>\n\t\t<\/article>\n\t\t\t\t<article class=\"elementor-post elementor-grid-item post-609 post type-post status-publish format-standard has-post-thumbnail hentry category-kinesitherapie\" role=\"listitem\">\n\t\t\t<div class=\"elementor-post__card\">\n\t\t\t\t<a class=\"elementor-post__thumbnail__link\" href=\"https:\/\/wolu20medicalcenter.be\/en\/cervico-maxillo-faciale-hmtc\/\" tabindex=\"-1\" ><div class=\"elementor-post__thumbnail\"><img loading=\"lazy\" decoding=\"async\" width=\"460\" height=\"293\" src=\"https:\/\/wolu20medicalcenter.be\/wp-content\/uploads\/cervico-maxillo-faciale-kine_wolu20.jpg\" class=\"attachment-medium size-medium wp-image-352\" alt=\"Cervico-Maxillo-Faciale + HMTC\" title=\"\"><\/div><\/a>\n\t\t\t\t<div class=\"elementor-post__badge\">Physiotherapy<\/div>\n\t\t\t\t<div class=\"elementor-post__text\">\n\t\t\t\t<h3 class=\"elementor-post__title\">\n\t\t\t<a href=\"https:\/\/wolu20medicalcenter.be\/en\/cervico-maxillo-faciale-hmtc\/\" >\n\t\t\t\tCervico-Maxillo-Facial + HMTC\t\t\t<\/a>\n\t\t<\/h3>\n\t\t\t\t<div class=\"elementor-post__excerpt\">\n\t\t\t<p>Cervico-Maxillo-Facial physiotherapy, associated with Head and Neck Myotensive Harmonization (HMTC), offers a global approach to head and neck pain:<\/p>\n\t\t<\/div>\n\t\t\n\t\t<a class=\"elementor-post__read-more\" href=\"https:\/\/wolu20medicalcenter.be\/en\/cervico-maxillo-faciale-hmtc\/\" aria-label=\"Read more about Cervico-Maxillo-Faciale + HMTC\" tabindex=\"-1\" >\n\t\t\tRead more \u00bb\t\t<\/a>\n\n\t\t\t\t<\/div>\n\t\t\t\t\t<\/div>\n\t\t<\/article>\n\t\t\t\t<article class=\"elementor-post elementor-grid-item post-1688 post type-post status-publish format-standard has-post-thumbnail hentry category-kinesitherapie\" role=\"listitem\">\n\t\t\t<div class=\"elementor-post__card\">\n\t\t\t\t<a class=\"elementor-post__thumbnail__link\" href=\"https:\/\/wolu20medicalcenter.be\/en\/drainage-lymphatique\/\" tabindex=\"-1\" ><div class=\"elementor-post__thumbnail\"><img loading=\"lazy\" decoding=\"async\" width=\"974\" height=\"647\" src=\"https:\/\/wolu20medicalcenter.be\/wp-content\/uploads\/drainage_lymphatique_1.jpg\" class=\"attachment-medium size-medium wp-image-2250\" alt=\"\" srcset=\"https:\/\/wolu20medicalcenter.be\/wp-content\/uploads\/drainage_lymphatique_1.jpg 974w, https:\/\/wolu20medicalcenter.be\/wp-content\/uploads\/drainage_lymphatique_1-768x510.jpg 768w, https:\/\/wolu20medicalcenter.be\/wp-content\/uploads\/drainage_lymphatique_1-18x12.jpg 18w\" sizes=\"(max-width: 974px) 100vw, 974px\" title=\"\"><\/div><\/a>\n\t\t\t\t<div class=\"elementor-post__badge\">Physiotherapy<\/div>\n\t\t\t\t<div class=\"elementor-post__text\">\n\t\t\t\t<h3 class=\"elementor-post__title\">\n\t\t\t<a href=\"https:\/\/wolu20medicalcenter.be\/en\/drainage-lymphatique\/\" >\n\t\t\t\tLymphatic drainage\t\t\t<\/a>\n\t\t<\/h3>\n\t\t\t\t<div class=\"elementor-post__excerpt\">\n\t\t\t<p>Lymphatic drainage is a set of techniques designed to circulate lymph throughout the body. Lymphatic drainage has many therapeutic benefits.<\/p>\n\t\t<\/div>\n\t\t\n\t\t<a class=\"elementor-post__read-more\" href=\"https:\/\/wolu20medicalcenter.be\/en\/drainage-lymphatique\/\" aria-label=\"Read more about Drainage lymphatique\" tabindex=\"-1\" >\n\t\t\tRead more \u00bb\t\t<\/a>\n\n\t\t\t\t<\/div>\n\t\t\t\t\t<\/div>\n\t\t<\/article>\n\t\t\t\t<article class=\"elementor-post elementor-grid-item post-992 post type-post status-publish format-standard has-post-thumbnail hentry category-kinesitherapie\" role=\"listitem\">\n\t\t\t<div class=\"elementor-post__card\">\n\t\t\t\t<a class=\"elementor-post__thumbnail__link\" href=\"https:\/\/wolu20medicalcenter.be\/en\/kinesitherapie-respiratoire\/\" tabindex=\"-1\" ><div class=\"elementor-post__thumbnail\"><img loading=\"lazy\" decoding=\"async\" width=\"578\" height=\"397\" src=\"https:\/\/wolu20medicalcenter.be\/wp-content\/uploads\/kinesitherapie-respiratoire-adulte.jpg\" class=\"attachment-medium size-medium wp-image-1701\" alt=\"\" srcset=\"https:\/\/wolu20medicalcenter.be\/wp-content\/uploads\/kinesitherapie-respiratoire-adulte.jpg 578w, https:\/\/wolu20medicalcenter.be\/wp-content\/uploads\/kinesitherapie-respiratoire-adulte-18x12.jpg 18w\" sizes=\"(max-width: 578px) 100vw, 578px\" title=\"\"><\/div><\/a>\n\t\t\t\t<div class=\"elementor-post__badge\">Physiotherapy<\/div>\n\t\t\t\t<div class=\"elementor-post__text\">\n\t\t\t\t<h3 class=\"elementor-post__title\">\n\t\t\t<a href=\"https:\/\/wolu20medicalcenter.be\/en\/kinesitherapie-respiratoire\/\" >\n\t\t\t\tRespiratory Physiotherapy\t\t\t<\/a>\n\t\t<\/h3>\n\t\t\t\t<div class=\"elementor-post__excerpt\">\n\t\t\t<p>Respiratory physiotherapy is a set of manual and physical techniques used to help clear the airways and improve breathing. It aims to<\/p>\n\t\t<\/div>\n\t\t\n\t\t<a class=\"elementor-post__read-more\" href=\"https:\/\/wolu20medicalcenter.be\/en\/kinesitherapie-respiratoire\/\" aria-label=\"Read more about Kin\u00e9sith\u00e9rapie Respiratoire\" tabindex=\"-1\" >\n\t\t\tRead more \u00bb\t\t<\/a>\n\n\t\t\t\t<\/div>\n\t\t\t\t\t<\/div>\n\t\t<\/article>\n\t\t\t\t<article class=\"elementor-post elementor-grid-item post-2216 post type-post status-publish format-standard has-post-thumbnail hentry category-kinesitherapie\" role=\"listitem\">\n\t\t\t<div class=\"elementor-post__card\">\n\t\t\t\t<a class=\"elementor-post__thumbnail__link\" href=\"https:\/\/wolu20medicalcenter.be\/en\/geriatrie\/\" tabindex=\"-1\" ><div class=\"elementor-post__thumbnail\"><img loading=\"lazy\" decoding=\"async\" width=\"1080\" height=\"1080\" src=\"https:\/\/wolu20medicalcenter.be\/wp-content\/uploads\/Design-sans-titre-2024-12-12T103521.168.png\" class=\"attachment-medium size-medium wp-image-2226\" alt=\"\" srcset=\"https:\/\/wolu20medicalcenter.be\/wp-content\/uploads\/Design-sans-titre-2024-12-12T103521.168.png 1080w, https:\/\/wolu20medicalcenter.be\/wp-content\/uploads\/Design-sans-titre-2024-12-12T103521.168-150x150.png 150w, https:\/\/wolu20medicalcenter.be\/wp-content\/uploads\/Design-sans-titre-2024-12-12T103521.168-768x768.png 768w, https:\/\/wolu20medicalcenter.be\/wp-content\/uploads\/Design-sans-titre-2024-12-12T103521.168-12x12.png 12w\" sizes=\"(max-width: 1080px) 100vw, 1080px\" title=\"\"><\/div><\/a>\n\t\t\t\t<div class=\"elementor-post__badge\">Physiotherapy<\/div>\n\t\t\t\t<div class=\"elementor-post__text\">\n\t\t\t\t<h3 class=\"elementor-post__title\">\n\t\t\t<a href=\"https:\/\/wolu20medicalcenter.be\/en\/geriatrie\/\" >\n\t\t\t\tGeriatrics\t\t\t<\/a>\n\t\t<\/h3>\n\t\t\t\t<div class=\"elementor-post__excerpt\">\n\t\t\t<p>Referent for dementia Motor maladjustment syndrome Montessori approach adapted to the elderly Practitioners :<\/p>\n\t\t<\/div>\n\t\t\n\t\t<a class=\"elementor-post__read-more\" href=\"https:\/\/wolu20medicalcenter.be\/en\/geriatrie\/\" aria-label=\"Read more about G\u00e9riatrie\" tabindex=\"-1\" >\n\t\t\tRead more \u00bb\t\t<\/a>\n\n\t\t\t\t<\/div>\n\t\t\t\t\t<\/div>\n\t\t<\/article>\n\t\t\t\t<article class=\"elementor-post elementor-grid-item post-2228 post type-post status-publish format-standard has-post-thumbnail hentry category-kinesitherapie\" role=\"listitem\">\n\t\t\t<div class=\"elementor-post__card\">\n\t\t\t\t<a class=\"elementor-post__thumbnail__link\" href=\"https:\/\/wolu20medicalcenter.be\/en\/kinesitherapie-neurologique\/\" tabindex=\"-1\" ><div class=\"elementor-post__thumbnail\"><img loading=\"lazy\" decoding=\"async\" width=\"1109\" height=\"1109\" src=\"https:\/\/wolu20medicalcenter.be\/wp-content\/uploads\/kine-neuro.jpg\" class=\"attachment-medium size-medium wp-image-2249\" alt=\"\" srcset=\"https:\/\/wolu20medicalcenter.be\/wp-content\/uploads\/kine-neuro.jpg 1109w, https:\/\/wolu20medicalcenter.be\/wp-content\/uploads\/kine-neuro-150x150.jpg 150w, https:\/\/wolu20medicalcenter.be\/wp-content\/uploads\/kine-neuro-768x768.jpg 768w, https:\/\/wolu20medicalcenter.be\/wp-content\/uploads\/kine-neuro-12x12.jpg 12w\" sizes=\"(max-width: 1109px) 100vw, 1109px\" title=\"\"><\/div><\/a>\n\t\t\t\t<div class=\"elementor-post__badge\">Physiotherapy<\/div>\n\t\t\t\t<div class=\"elementor-post__text\">\n\t\t\t\t<h3 class=\"elementor-post__title\">\n\t\t\t<a href=\"https:\/\/wolu20medicalcenter.be\/en\/kinesitherapie-neurologique\/\" >\n\t\t\t\tNeurological physiotherapy\t\t\t<\/a>\n\t\t<\/h3>\n\t\t\t\t<div class=\"elementor-post__excerpt\">\n\t\t\t<p>Parkinson's disease Lewy body syndrome ... Practitioners :<\/p>\n\t\t<\/div>\n\t\t\n\t\t<a class=\"elementor-post__read-more\" href=\"https:\/\/wolu20medicalcenter.be\/en\/kinesitherapie-neurologique\/\" aria-label=\"Read more about Kin\u00e9sith\u00e9rapie Neurologique\" tabindex=\"-1\" >\n\t\t\tRead more \u00bb\t\t<\/a>\n\n\t\t\t\t<\/div>\n\t\t\t\t\t<\/div>\n\t\t<\/article>\n\t\t\t\t<article class=\"elementor-post elementor-grid-item post-602 post type-post status-publish format-standard has-post-thumbnail hentry category-kinesitherapie\" role=\"listitem\">\n\t\t\t<div class=\"elementor-post__card\">\n\t\t\t\t<a class=\"elementor-post__thumbnail__link\" href=\"https:\/\/wolu20medicalcenter.be\/en\/trigger-point\/\" tabindex=\"-1\" ><div class=\"elementor-post__thumbnail\"><img loading=\"lazy\" decoding=\"async\" width=\"371\" height=\"233\" src=\"https:\/\/wolu20medicalcenter.be\/wp-content\/uploads\/trigger-point-dry-nedling_wolu20.jpg\" class=\"attachment-medium size-medium wp-image-390\" alt=\"acupuncture\" title=\"\"><\/div><\/a>\n\t\t\t\t<div class=\"elementor-post__badge\">Physiotherapy<\/div>\n\t\t\t\t<div class=\"elementor-post__text\">\n\t\t\t\t<h3 class=\"elementor-post__title\">\n\t\t\t<a href=\"https:\/\/wolu20medicalcenter.be\/en\/trigger-point\/\" >\n\t\t\t\tTrigger Point\t\t\t<\/a>\n\t\t<\/h3>\n\t\t\t\t<div class=\"elementor-post__excerpt\">\n\t\t\t<p>The goals of Trigger Point Therapy are to release local muscle contractures, reduce localized inflammation and improve local vascularization.<\/p>\n\t\t<\/div>\n\t\t\n\t\t<a class=\"elementor-post__read-more\" href=\"https:\/\/wolu20medicalcenter.be\/en\/trigger-point\/\" aria-label=\"Read more about Trigger Point\" tabindex=\"-1\" >\n\t\t\tRead more \u00bb\t\t<\/a>\n\n\t\t\t\t<\/div>\n\t\t\t\t\t<\/div>\n\t\t<\/article>\n\t\t\t\t<article class=\"elementor-post elementor-grid-item post-619 post type-post status-publish format-standard has-post-thumbnail hentry category-kinesitherapie\" role=\"listitem\">\n\t\t\t<div class=\"elementor-post__card\">\n\t\t\t\t<a class=\"elementor-post__thumbnail__link\" href=\"https:\/\/wolu20medicalcenter.be\/en\/algologie-douleurs-chroniques\/\" tabindex=\"-1\" ><div class=\"elementor-post__thumbnail\"><img loading=\"lazy\" decoding=\"async\" width=\"608\" height=\"436\" src=\"https:\/\/wolu20medicalcenter.be\/wp-content\/uploads\/douleurs-chroniques_wolu20.jpg\" class=\"attachment-medium size-medium wp-image-356\" alt=\"Algologie \/ Douleurs chroniques\" title=\"\"><\/div><\/a>\n\t\t\t\t<div class=\"elementor-post__badge\">Physiotherapy<\/div>\n\t\t\t\t<div class=\"elementor-post__text\">\n\t\t\t\t<h3 class=\"elementor-post__title\">\n\t\t\t<a href=\"https:\/\/wolu20medicalcenter.be\/en\/algologie-douleurs-chroniques\/\" >\n\t\t\t\tAlgology \/ Chronic pain\t\t\t<\/a>\n\t\t<\/h3>\n\t\t\t\t<div class=\"elementor-post__excerpt\">\n\t\t\t<p>Pain is our body's alarm system. By attracting our attention, the painful perception makes us aware of a threat. However<\/p>\n\t\t<\/div>\n\t\t\n\t\t<a class=\"elementor-post__read-more\" href=\"https:\/\/wolu20medicalcenter.be\/en\/algologie-douleurs-chroniques\/\" aria-label=\"Read more about Algologie \/ Douleurs chroniques\" tabindex=\"-1\" >\n\t\t\tRead more \u00bb\t\t<\/a>\n\n\t\t\t\t<\/div>\n\t\t\t\t\t<\/div>\n\t\t<\/article>\n\t\t\t\t<\/div>\n\t\t\n\t\t\t\t\t\t<\/div>\n\t\t\t\t<\/div>\n\t\t\t\t<\/div>\n\t\t\t\t\t<\/div>\n\t\t\t\t<\/div>\n\t\t\t\t<\/div>","protected":false},"excerpt":{"rendered":"","protected":false},"author":1,"featured_media":0,"parent":0,"menu_order":0,"comment_status":"closed","ping_status":"closed","template":"elementor_header_footer","meta":{"_acf_changed":false,"footnotes":""},"class_list":["post-2295","page","type-page","status-publish","hentry"],"acf":[],"_links":{"self":[{"href":"https:\/\/wolu20medicalcenter.be\/en\/wp-json\/wp\/v2\/pages\/2295","targetHints":{"allow":["GET"]}}],"collection":[{"href":"https:\/\/wolu20medicalcenter.be\/en\/wp-json\/wp\/v2\/pages"}],"about":[{"href":"https:\/\/wolu20medicalcenter.be\/en\/wp-json\/wp\/v2\/types\/page"}],"author":[{"embeddable":true,"href":"https:\/\/wolu20medicalcenter.be\/en\/wp-json\/wp\/v2\/users\/1"}],"replies":[{"embeddable":true,"href":"https:\/\/wolu20medicalcenter.be\/en\/wp-json\/wp\/v2\/comments?post=2295"}],"version-history":[{"count":7,"href":"https:\/\/wolu20medicalcenter.be\/en\/wp-json\/wp\/v2\/pages\/2295\/revisions"}],"predecessor-version":[{"id":2332,"href":"https:\/\/wolu20medicalcenter.be\/en\/wp-json\/wp\/v2\/pages\/2295\/revisions\/2332"}],"wp:attachment":[{"href":"https:\/\/wolu20medicalcenter.be\/en\/wp-json\/wp\/v2\/media?parent=2295"}],"curies":[{"name":"wp","href":"https:\/\/api.w.org\/{rel}","templated":true}]}}