{"id":2325,"date":"2025-10-27T14:22:25","date_gmt":"2025-10-27T13:22:25","guid":{"rendered":"https:\/\/wolu20medicalcenter.be\/?page_id=2325"},"modified":"2025-10-27T14:23:49","modified_gmt":"2025-10-27T13:23:49","slug":"podologie-p","status":"publish","type":"page","link":"https:\/\/wolu20medicalcenter.be\/fr\/podologie-p\/","title":{"rendered":"Podologie"},"content":{"rendered":"\t\t<div data-elementor-type=\"wp-page\" data-elementor-id=\"2325\" class=\"elementor elementor-2325\" data-elementor-post-type=\"page\">\n\t\t\t\t<div class=\"elementor-element elementor-element-1cc2e8e e-flex e-con-boxed e-con e-parent\" data-id=\"1cc2e8e\" data-element_type=\"container\" data-e-type=\"container\" data-settings=\"{&quot;background_background&quot;:&quot;classic&quot;}\">\n\t\t\t\t\t<div class=\"e-con-inner\">\n\t\t<div class=\"elementor-element elementor-element-7c51061 e-con-full e-flex e-con e-child\" data-id=\"7c51061\" data-element_type=\"container\" data-e-type=\"container\">\n\t\t\t\t<div class=\"elementor-element elementor-element-98056df elementor-widget elementor-widget-heading\" data-id=\"98056df\" data-element_type=\"widget\" data-e-type=\"widget\" data-widget_type=\"heading.default\">\n\t\t\t\t<div class=\"elementor-widget-container\">\n\t\t\t\t\t<h1 class=\"elementor-heading-title elementor-size-default\">Podologie \u00e0 Woluw\u00e9-Saint-Lambert<\/h1>\t\t\t\t<\/div>\n\t\t\t\t<\/div>\n\t\t\t\t<\/div>\n\t\t\t\t\t<\/div>\n\t\t\t\t<\/div>\n\t\t<div class=\"elementor-element elementor-element-02094f4 e-flex e-con-boxed e-con e-parent\" data-id=\"02094f4\" data-element_type=\"container\" data-e-type=\"container\">\n\t\t\t\t\t<div class=\"e-con-inner\">\n\t\t<div class=\"elementor-element elementor-element-dabbd3c e-con-full e-flex e-con e-child\" data-id=\"dabbd3c\" data-element_type=\"container\" data-e-type=\"container\">\n\t\t\t\t<div class=\"elementor-element elementor-element-59f6430 elementor-grid-3 elementor-grid-tablet-2 elementor-grid-mobile-1 elementor-posts--thumbnail-top elementor-card-shadow-yes elementor-posts__hover-gradient elementor-widget elementor-widget-posts\" data-id=\"59f6430\" data-element_type=\"widget\" data-e-type=\"widget\" data-settings=\"{&quot;cards_columns&quot;:&quot;3&quot;,&quot;cards_columns_tablet&quot;:&quot;2&quot;,&quot;cards_columns_mobile&quot;:&quot;1&quot;,&quot;cards_row_gap&quot;:{&quot;unit&quot;:&quot;px&quot;,&quot;size&quot;:35,&quot;sizes&quot;:[]},&quot;cards_row_gap_tablet&quot;:{&quot;unit&quot;:&quot;px&quot;,&quot;size&quot;:&quot;&quot;,&quot;sizes&quot;:[]},&quot;cards_row_gap_mobile&quot;:{&quot;unit&quot;:&quot;px&quot;,&quot;size&quot;:&quot;&quot;,&quot;sizes&quot;:[]}}\" data-widget_type=\"posts.cards\">\n\t\t\t\t<div class=\"elementor-widget-container\">\n\t\t\t\t\t\t\t<div class=\"elementor-posts-container elementor-posts elementor-posts--skin-cards elementor-grid\" role=\"list\">\n\t\t\t\t<article class=\"elementor-post elementor-grid-item post-629 post type-post status-publish format-standard has-post-thumbnail hentry category-podologie\" role=\"listitem\">\n\t\t\t<div class=\"elementor-post__card\">\n\t\t\t\t<a class=\"elementor-post__thumbnail__link\" href=\"https:\/\/wolu20medicalcenter.be\/fr\/soins-de-pieds\/\" tabindex=\"-1\" ><div class=\"elementor-post__thumbnail\"><img fetchpriority=\"high\" decoding=\"async\" width=\"1698\" height=\"1131\" src=\"https:\/\/wolu20medicalcenter.be\/wp-content\/uploads\/podologie_et_diabete_examen_de_pedicurie.jpg\" class=\"attachment-medium size-medium wp-image-377\" alt=\"Podologie\" srcset=\"https:\/\/wolu20medicalcenter.be\/wp-content\/uploads\/podologie_et_diabete_examen_de_pedicurie.jpg 1698w, https:\/\/wolu20medicalcenter.be\/wp-content\/uploads\/podologie_et_diabete_examen_de_pedicurie-768x512.jpg 768w, https:\/\/wolu20medicalcenter.be\/wp-content\/uploads\/podologie_et_diabete_examen_de_pedicurie-1536x1023.jpg 1536w\" sizes=\"(max-width: 1698px) 100vw, 1698px\" title=\"\"><\/div><\/a>\n\t\t\t\t<div class=\"elementor-post__badge\">Podologie<\/div>\n\t\t\t\t<div class=\"elementor-post__text\">\n\t\t\t\t<h3 class=\"elementor-post__title\">\n\t\t\t<a href=\"https:\/\/wolu20medicalcenter.be\/fr\/soins-de-pieds\/\" >\n\t\t\t\tSoins de pieds\t\t\t<\/a>\n\t\t<\/h3>\n\t\t\t\t<div class=\"elementor-post__excerpt\">\n\t\t\t<p>Soins des pieds et des affections \u00e9pidermiques et ungu\u00e9ales (coupe d\u2019ongles, ongles incarn\u00e9s, hyperk\u00e9ratoses (cors), durillons, crevasses, pieds diab\u00e9tiques). R\u00e9alisation d\u2019orthoplasties, d\u2019orthonyxies et d\u2019onychoplasties, afin<\/p>\n\t\t<\/div>\n\t\t\n\t\t<a class=\"elementor-post__read-more\" href=\"https:\/\/wolu20medicalcenter.be\/fr\/soins-de-pieds\/\" aria-label=\"En savoir plus sur Soins de pieds\" tabindex=\"-1\" >\n\t\t\tEn savoir plus \u00bb\t\t<\/a>\n\n\t\t\t\t<\/div>\n\t\t\t\t\t<\/div>\n\t\t<\/article>\n\t\t\t\t<\/div>\n\t\t\n\t\t\t\t\t\t<\/div>\n\t\t\t\t<\/div>\n\t\t\t\t<\/div>\n\t\t\t\t\t<\/div>\n\t\t\t\t<\/div>\n\t\t\t\t<\/div>\n\t\t","protected":false},"excerpt":{"rendered":"<p>Podologie \u00e0 Woluw\u00e9-Saint-Lambert<\/p>\n","protected":false},"author":1,"featured_media":0,"parent":0,"menu_order":0,"comment_status":"closed","ping_status":"closed","template":"","meta":{"_acf_changed":false,"footnotes":""},"class_list":["post-2325","page","type-page","status-publish","hentry"],"acf":[],"_links":{"self":[{"href":"https:\/\/wolu20medicalcenter.be\/fr\/wp-json\/wp\/v2\/pages\/2325","targetHints":{"allow":["GET"]}}],"collection":[{"href":"https:\/\/wolu20medicalcenter.be\/fr\/wp-json\/wp\/v2\/pages"}],"about":[{"href":"https:\/\/wolu20medicalcenter.be\/fr\/wp-json\/wp\/v2\/types\/page"}],"author":[{"embeddable":true,"href":"https:\/\/wolu20medicalcenter.be\/fr\/wp-json\/wp\/v2\/users\/1"}],"replies":[{"embeddable":true,"href":"https:\/\/wolu20medicalcenter.be\/fr\/wp-json\/wp\/v2\/comments?post=2325"}],"version-history":[{"count":4,"href":"https:\/\/wolu20medicalcenter.be\/fr\/wp-json\/wp\/v2\/pages\/2325\/revisions"}],"predecessor-version":[{"id":2329,"href":"https:\/\/wolu20medicalcenter.be\/fr\/wp-json\/wp\/v2\/pages\/2325\/revisions\/2329"}],"wp:attachment":[{"href":"https:\/\/wolu20medicalcenter.be\/fr\/wp-json\/wp\/v2\/media?parent=2325"}],"curies":[{"name":"wp","href":"https:\/\/api.w.org\/{rel}","templated":true}]}}