{"id":421,"date":"2020-10-08T08:33:11","date_gmt":"2020-10-08T08:33:11","guid":{"rendered":"https:\/\/wolu20medicalcenter.be\/?page_id=421"},"modified":"2023-08-16T14:30:02","modified_gmt":"2023-08-16T12:30:02","slug":"recherche-collaborateurs","status":"publish","type":"page","link":"https:\/\/wolu20medicalcenter.be\/fr\/recherche-collaborateurs\/","title":{"rendered":"Recherche collaborateurs"},"content":{"rendered":"\t\t<div data-elementor-type=\"wp-page\" data-elementor-id=\"421\" class=\"elementor elementor-421\" data-elementor-post-type=\"page\">\n\t\t\t\t\t\t<section class=\"elementor-section elementor-top-section elementor-element elementor-element-49ec86e elementor-section-height-min-height elementor-section-boxed elementor-section-height-default elementor-section-items-middle\" data-id=\"49ec86e\" data-element_type=\"section\" data-e-type=\"section\" data-settings=\"{&quot;background_background&quot;:&quot;classic&quot;}\">\n\t\t\t\t\t\t\t<div class=\"elementor-background-overlay\"><\/div>\n\t\t\t\t\t\t\t<div class=\"elementor-container elementor-column-gap-default\">\n\t\t\t\t\t<div class=\"elementor-column elementor-col-100 elementor-top-column elementor-element elementor-element-98ec2ff\" data-id=\"98ec2ff\" data-element_type=\"column\" data-e-type=\"column\">\n\t\t\t<div class=\"elementor-widget-wrap elementor-element-populated\">\n\t\t\t\t\t\t<div class=\"elementor-element elementor-element-adc180f elementor-widget elementor-widget-heading\" data-id=\"adc180f\" data-element_type=\"widget\" data-e-type=\"widget\" data-widget_type=\"heading.default\">\n\t\t\t\t<div class=\"elementor-widget-container\">\n\t\t\t\t\t<h1 class=\"elementor-heading-title elementor-size-large\">Recherche collaborateurs<\/h1>\t\t\t\t<\/div>\n\t\t\t\t<\/div>\n\t\t\t\t<div class=\"elementor-element elementor-element-dc20afd elementor-widget elementor-widget-heading\" data-id=\"dc20afd\" data-element_type=\"widget\" data-e-type=\"widget\" data-widget_type=\"heading.default\">\n\t\t\t\t<div class=\"elementor-widget-container\">\n\t\t\t\t\t<div class=\"elementor-heading-title elementor-size-default\">M\u00e9decin g\u00e9n\u00e9raliste ou m\u00e9decin du sport, neuropsychologue, psychologue \u00e0 Woluwe<\/div>\t\t\t\t<\/div>\n\t\t\t\t<\/div>\n\t\t\t\t<div class=\"elementor-element elementor-element-7c9e339 elementor-align-center elementor-widget__width-auto elementor-widget elementor-widget-button\" data-id=\"7c9e339\" data-element_type=\"widget\" data-e-type=\"widget\" data-widget_type=\"button.default\">\n\t\t\t\t<div class=\"elementor-widget-container\">\n\t\t\t\t\t\t\t\t\t<div class=\"elementor-button-wrapper\">\n\t\t\t\t\t<a class=\"elementor-button elementor-button-link elementor-size-md\" href=\"https:\/\/wolu20medicalcenter.be\/fr\/contact\/\">\n\t\t\t\t\t\t<span class=\"elementor-button-content-wrapper\">\n\t\t\t\t\t\t<span class=\"elementor-button-icon\">\n\t\t\t\t<i aria-hidden=\"true\" class=\"fas fa-mail-bulk\"><\/i>\t\t\t<\/span>\n\t\t\t\t\t\t\t\t\t<span class=\"elementor-button-text\">Contact<\/span>\n\t\t\t\t\t<\/span>\n\t\t\t\t\t<\/a>\n\t\t\t\t<\/div>\n\t\t\t\t\t\t\t\t<\/div>\n\t\t\t\t<\/div>\n\t\t\t\t\t<\/div>\n\t\t<\/div>\n\t\t\t\t\t<\/div>\n\t\t<\/section>\n\t\t\t\t<section class=\"elementor-section elementor-top-section elementor-element elementor-element-41ce5e6 elementor-section-boxed elementor-section-height-default elementor-section-height-default\" data-id=\"41ce5e6\" data-element_type=\"section\" data-e-type=\"section\">\n\t\t\t\t\t\t<div class=\"elementor-container elementor-column-gap-no\">\n\t\t\t\t\t<div class=\"elementor-column elementor-col-100 elementor-top-column elementor-element elementor-element-6f8fc56\" data-id=\"6f8fc56\" data-element_type=\"column\" data-e-type=\"column\">\n\t\t\t<div class=\"elementor-widget-wrap elementor-element-populated\">\n\t\t\t\t\t\t<section class=\"elementor-section elementor-inner-section elementor-element elementor-element-72af57d elementor-section-content-middle elementor-section-boxed elementor-section-height-default elementor-section-height-default\" data-id=\"72af57d\" data-element_type=\"section\" data-e-type=\"section\">\n\t\t\t\t\t\t<div class=\"elementor-container elementor-column-gap-no\">\n\t\t\t\t\t<div class=\"elementor-column elementor-col-66 elementor-inner-column elementor-element elementor-element-9f7e883\" data-id=\"9f7e883\" data-element_type=\"column\" data-e-type=\"column\">\n\t\t\t<div class=\"elementor-widget-wrap elementor-element-populated\">\n\t\t\t\t\t\t<div class=\"elementor-element elementor-element-480a84f elementor-widget elementor-widget-heading\" data-id=\"480a84f\" data-element_type=\"widget\" data-e-type=\"widget\" data-widget_type=\"heading.default\">\n\t\t\t\t<div class=\"elementor-widget-container\">\n\t\t\t\t\t<h2 class=\"elementor-heading-title elementor-size-default\">Psychologue <\/h2>\t\t\t\t<\/div>\n\t\t\t\t<\/div>\n\t\t\t\t<div class=\"elementor-element elementor-element-fb9cf25 elementor-widget elementor-widget-text-editor\" data-id=\"fb9cf25\" data-element_type=\"widget\" data-e-type=\"widget\" data-widget_type=\"text-editor.default\">\n\t\t\t\t<div class=\"elementor-widget-container\">\n\t\t\t\t\t\t\t\t\t<p>Nous sommes \u00e0 la recherche d&rsquo;un(e) Psychologue au sein du Wolu20 Medical Center!<br \/>N&rsquo;h\u00e9sitez pas \u00e0 nous contacter via l&rsquo;adresse mail: <a href=\"mailto:info@wolu20medicalcenter.be\">info@wolu20medicalcenter.be<\/a>, nous sommes disponibles pour r\u00e9pondre \u00e0 toutes vos questions.<br \/>Nous sommes une jeune \u00e9quipe, avec une ambiance tr\u00e8s familiale. Nous serons tr\u00e8s contents de vous accueillir dans notre centre m\u00e9dical !<\/p>\t\t\t\t\t\t\t\t<\/div>\n\t\t\t\t<\/div>\n\t\t\t\t<div class=\"elementor-element elementor-element-a312c3d elementor-widget elementor-widget-heading\" data-id=\"a312c3d\" data-element_type=\"widget\" data-e-type=\"widget\" data-widget_type=\"heading.default\">\n\t\t\t\t<div class=\"elementor-widget-container\">\n\t\t\t\t\t<h2 class=\"elementor-heading-title elementor-size-default\">M\u00e9decin g\u00e9n\u00e9raliste <\/h2>\t\t\t\t<\/div>\n\t\t\t\t<\/div>\n\t\t\t\t<div class=\"elementor-element elementor-element-d322307 elementor-widget elementor-widget-text-editor\" data-id=\"d322307\" data-element_type=\"widget\" data-e-type=\"widget\" data-widget_type=\"text-editor.default\">\n\t\t\t\t<div class=\"elementor-widget-container\">\n\t\t\t\t\t\t\t\t\t<p>Nous sommes \u00e0 la recherche d&rsquo;un(e) M\u00e9decin g\u00e9n\u00e9raliste au sein du Wolu20 Medical Center!<br \/>N&rsquo;h\u00e9sitez pas \u00e0 nous contacter via l&rsquo;adresse mail:\u00a0<a href=\"mailto:info@wolu20medicalcenter.be\">info@wolu20medicalcenter.be<\/a>, nous sommes disponibles pour r\u00e9pondre \u00e0 toutes vos questions.<br \/>Nous sommes une jeune \u00e9quipe, avec une ambiance tr\u00e8s familiale. Nous serons tr\u00e8s contents de vous accueillir dans notre centre m\u00e9dical !<\/p>\t\t\t\t\t\t\t\t<\/div>\n\t\t\t\t<\/div>\n\t\t\t\t<div class=\"elementor-element elementor-element-5e561dd elementor-widget elementor-widget-heading\" data-id=\"5e561dd\" data-element_type=\"widget\" data-e-type=\"widget\" data-widget_type=\"heading.default\">\n\t\t\t\t<div class=\"elementor-widget-container\">\n\t\t\t\t\t<h2 class=\"elementor-heading-title elementor-size-default\">Neuropsychologue<\/h2>\t\t\t\t<\/div>\n\t\t\t\t<\/div>\n\t\t\t\t<div class=\"elementor-element elementor-element-ce5744c elementor-widget elementor-widget-text-editor\" data-id=\"ce5744c\" data-element_type=\"widget\" data-e-type=\"widget\" data-widget_type=\"text-editor.default\">\n\t\t\t\t<div class=\"elementor-widget-container\">\n\t\t\t\t\t\t\t\t\t<p>Nous sommes \u00e0 la recherche d&rsquo;un(e) neuropsychologue au sein du Wolu20 Medical Center!<br \/>N&rsquo;h\u00e9sitez pas \u00e0 nous contacter via l&rsquo;adresse mail:\u00a0<a href=\"mailto:info@wolu20medicalcenter.be\">info@wolu20medicalcenter.be<\/a>, nous sommes disponibles pour r\u00e9pondre \u00e0 toutes vos questions.<br \/>Possibilit\u00e9 de collaboration rapproch\u00e9e avec notre logop\u00e8de.<br \/>Nous sommes une jeune \u00e9quipe, avec une ambiance tr\u00e8s familiale. Nous serons tr\u00e8s contents de vous accueillir dans notre centre m\u00e9dical !<\/p>\t\t\t\t\t\t\t\t<\/div>\n\t\t\t\t<\/div>\n\t\t\t\t<div class=\"elementor-element elementor-element-4e5f029 elementor-widget elementor-widget-heading\" data-id=\"4e5f029\" data-element_type=\"widget\" data-e-type=\"widget\" data-widget_type=\"heading.default\">\n\t\t\t\t<div class=\"elementor-widget-container\">\n\t\t\t\t\t<h2 class=\"elementor-heading-title elementor-size-default\">M\u00e9decin sp\u00e9cialiste<\/h2>\t\t\t\t<\/div>\n\t\t\t\t<\/div>\n\t\t\t\t<div class=\"elementor-element elementor-element-162cb0e elementor-widget elementor-widget-text-editor\" data-id=\"162cb0e\" data-element_type=\"widget\" data-e-type=\"widget\" data-widget_type=\"text-editor.default\">\n\t\t\t\t<div class=\"elementor-widget-container\">\n\t\t\t\t\t\t\t\t\t<p>Nous sommes \u00e0 la recherche de m\u00e9decins sp\u00e9cialistes au sein du Wolu20 Medical Center !<br \/>N\u2019h\u00e9sitez pas \u00e0 nous contacter\u00a0via l\u2019adresse mail:\u00a0<a href=\"mailto:info@wolu20medicalcenter.be\">info@wolu20medicalcenter.be<\/a>, nous sommes disponibles pour r\u00e9pondre \u00e0 toutes vos questions.<br \/>Nous sommes une jeune \u00e9quipe, avec une ambiance tr\u00e8s familiale. Nous serons tr\u00e8s contents de vous accueillir dans notre centre m\u00e9dical !<\/p>\t\t\t\t\t\t\t\t<\/div>\n\t\t\t\t<\/div>\n\t\t\t\t\t<\/div>\n\t\t<\/div>\n\t\t\t\t<div class=\"elementor-column elementor-col-33 elementor-inner-column elementor-element elementor-element-df319f2\" data-id=\"df319f2\" data-element_type=\"column\" data-e-type=\"column\" data-settings=\"{&quot;background_background&quot;:&quot;classic&quot;}\">\n\t\t\t<div class=\"elementor-widget-wrap elementor-element-populated\">\n\t\t\t\t\t\t<div class=\"elementor-element elementor-element-fb14dbe elementor-widget elementor-widget-theme-site-logo elementor-widget-image\" data-id=\"fb14dbe\" data-element_type=\"widget\" data-e-type=\"widget\" data-widget_type=\"theme-site-logo.default\">\n\t\t\t\t<div class=\"elementor-widget-container\">\n\t\t\t\t\t\t\t\t\t\t\t<a href=\"https:\/\/wolu20medicalcenter.be\/fr\">\n\t\t\t<img decoding=\"async\" width=\"205\" height=\"108\" src=\"https:\/\/wolu20medicalcenter.be\/wp-content\/uploads\/cropped-logo.png\" class=\"attachment-full size-full wp-image-428\" alt=\"Logo Wolu20\" title=\"\">\t\t\t\t<\/a>\n\t\t\t\t\t\t\t\t\t\t\t<\/div>\n\t\t\t\t<\/div>\n\t\t\t\t\t<\/div>\n\t\t<\/div>\n\t\t\t\t\t<\/div>\n\t\t<\/section>\n\t\t\t\t\t<\/div>\n\t\t<\/div>\n\t\t\t\t\t<\/div>\n\t\t<\/section>\n\t\t\t\t<\/div>\n\t\t","protected":false},"excerpt":{"rendered":"<p>Recherche collaborateurs M\u00e9decin g\u00e9n\u00e9raliste ou m\u00e9decin du sport, neuropsychologue, psychologue \u00e0 Woluwe Contact Psychologue Nous sommes \u00e0 la recherche d&rsquo;un(e) Psychologue au sein du Wolu20 Medical Center!N&rsquo;h\u00e9sitez pas \u00e0 nous contacter via l&rsquo;adresse mail: info@wolu20medicalcenter.be, nous sommes disponibles pour r\u00e9pondre \u00e0 toutes vos questions.Nous sommes une jeune \u00e9quipe, avec une ambiance tr\u00e8s familiale. Nous serons [&hellip;]<\/p>\n","protected":false},"author":1,"featured_media":0,"parent":0,"menu_order":0,"comment_status":"closed","ping_status":"closed","template":"elementor_header_footer","meta":{"_acf_changed":false,"footnotes":""},"class_list":["post-421","page","type-page","status-publish","hentry"],"acf":[],"_links":{"self":[{"href":"https:\/\/wolu20medicalcenter.be\/fr\/wp-json\/wp\/v2\/pages\/421","targetHints":{"allow":["GET"]}}],"collection":[{"href":"https:\/\/wolu20medicalcenter.be\/fr\/wp-json\/wp\/v2\/pages"}],"about":[{"href":"https:\/\/wolu20medicalcenter.be\/fr\/wp-json\/wp\/v2\/types\/page"}],"author":[{"embeddable":true,"href":"https:\/\/wolu20medicalcenter.be\/fr\/wp-json\/wp\/v2\/users\/1"}],"replies":[{"embeddable":true,"href":"https:\/\/wolu20medicalcenter.be\/fr\/wp-json\/wp\/v2\/comments?post=421"}],"version-history":[{"count":0,"href":"https:\/\/wolu20medicalcenter.be\/fr\/wp-json\/wp\/v2\/pages\/421\/revisions"}],"wp:attachment":[{"href":"https:\/\/wolu20medicalcenter.be\/fr\/wp-json\/wp\/v2\/media?parent=421"}],"curies":[{"name":"wp","href":"https:\/\/api.w.org\/{rel}","templated":true}]}}