{"id":1506,"date":"2022-06-29T10:46:02","date_gmt":"2022-06-29T08:46:02","guid":{"rendered":"https:\/\/wolu20medicalcenter.be\/?page_id=1506"},"modified":"2025-10-27T11:37:04","modified_gmt":"2025-10-27T10:37:04","slug":"collaborateur","status":"publish","type":"page","link":"https:\/\/wolu20medicalcenter.be\/nl\/collaborateur\/","title":{"rendered":"Personeelslid"},"content":{"rendered":"<div data-elementor-type=\"wp-page\" data-elementor-id=\"1506\" class=\"elementor elementor-1506\" data-elementor-post-type=\"page\">\n\t\t\t\t\t\t<section class=\"elementor-section elementor-top-section elementor-element elementor-element-e4e176c elementor-section-height-min-height elementor-section-boxed elementor-section-height-default elementor-section-items-middle\" data-id=\"e4e176c\" data-element_type=\"section\" data-e-type=\"section\" data-settings=\"{&quot;background_background&quot;:&quot;classic&quot;}\">\n\t\t\t\t\t\t\t<div class=\"elementor-background-overlay\"><\/div>\n\t\t\t\t\t\t\t<div class=\"elementor-container elementor-column-gap-default\">\n\t\t\t\t\t<div class=\"elementor-column elementor-col-100 elementor-top-column elementor-element elementor-element-5a3846d\" data-id=\"5a3846d\" data-element_type=\"column\" data-e-type=\"column\">\n\t\t\t<div class=\"elementor-widget-wrap elementor-element-populated\">\n\t\t\t\t\t\t<div class=\"elementor-element elementor-element-d97650d elementor-widget elementor-widget-heading\" data-id=\"d97650d\" data-element_type=\"widget\" data-e-type=\"widget\" data-widget_type=\"heading.default\">\n\t\t\t\t<div class=\"elementor-widget-container\">\n\t\t\t\t\t<h1 class=\"elementor-heading-title elementor-size-large\">Jobs<\/h1>\t\t\t\t<\/div>\n\t\t\t\t<\/div>\n\t\t\t\t<div class=\"elementor-element elementor-element-72c9877 elementor-widget elementor-widget-heading\" data-id=\"72c9877\" data-element_type=\"widget\" data-e-type=\"widget\" data-widget_type=\"heading.default\">\n\t\t\t\t<div class=\"elementor-widget-container\">\n\t\t\t\t\t<div class=\"elementor-heading-title elementor-size-default\">Huisarts of sportarts, neuropsycholoog, psycholoog in Woluwe<\/div>\t\t\t\t<\/div>\n\t\t\t\t<\/div>\n\t\t\t\t<div class=\"elementor-element elementor-element-6e75890 elementor-align-center elementor-widget elementor-widget-button\" data-id=\"6e75890\" data-element_type=\"widget\" data-e-type=\"widget\" data-widget_type=\"button.default\">\n\t\t\t\t<div class=\"elementor-widget-container\">\n\t\t\t\t\t\t\t\t\t<div class=\"elementor-button-wrapper\">\n\t\t\t\t\t<a class=\"elementor-button elementor-button-link elementor-size-md\" href=\"https:\/\/wolu20medicalcenter.be\/nl\/contact\/\">\n\t\t\t\t\t\t<span class=\"elementor-button-content-wrapper\">\n\t\t\t\t\t\t<span class=\"elementor-button-icon\">\n\t\t\t\t<i aria-hidden=\"true\" class=\"fas fa-mail-bulk\"><\/i>\t\t\t<\/span>\n\t\t\t\t\t\t\t\t\t<span class=\"elementor-button-text\">Contacteer ons<\/span>\n\t\t\t\t\t<\/span>\n\t\t\t\t\t<\/a>\n\t\t\t\t<\/div>\n\t\t\t\t\t\t\t\t<\/div>\n\t\t\t\t<\/div>\n\t\t\t\t\t<\/div>\n\t\t<\/div>\n\t\t\t\t\t<\/div>\n\t\t<\/section>\n\t\t\t\t<section class=\"elementor-section elementor-top-section elementor-element elementor-element-bd36b59 elementor-section-boxed elementor-section-height-default elementor-section-height-default\" data-id=\"bd36b59\" data-element_type=\"section\" data-e-type=\"section\">\n\t\t\t\t\t\t<div class=\"elementor-container elementor-column-gap-no\">\n\t\t\t\t\t<div class=\"elementor-column elementor-col-100 elementor-top-column elementor-element elementor-element-7476b45\" data-id=\"7476b45\" data-element_type=\"column\" data-e-type=\"column\">\n\t\t\t<div class=\"elementor-widget-wrap elementor-element-populated\">\n\t\t\t\t\t\t<section class=\"elementor-section elementor-inner-section elementor-element elementor-element-ad817ec elementor-section-content-middle elementor-section-boxed elementor-section-height-default elementor-section-height-default\" data-id=\"ad817ec\" data-element_type=\"section\" data-e-type=\"section\">\n\t\t\t\t\t\t<div class=\"elementor-container elementor-column-gap-no\">\n\t\t\t\t\t<div class=\"elementor-column elementor-col-66 elementor-inner-column elementor-element elementor-element-29a795e\" data-id=\"29a795e\" data-element_type=\"column\" data-e-type=\"column\">\n\t\t\t<div class=\"elementor-widget-wrap elementor-element-populated\">\n\t\t\t\t\t\t<div class=\"elementor-element elementor-element-8ce50fd elementor-widget elementor-widget-text-editor\" data-id=\"8ce50fd\" data-element_type=\"widget\" data-e-type=\"widget\" data-widget_type=\"text-editor.default\">\n\t\t\t\t<div class=\"elementor-widget-container\">\n\t\t\t\t\t\t\t\t\t<ul><li>Neuropsycholoog<\/li><li>Psycholoog<\/li><li>Yoga docent<\/li><li>Coach<\/li><li>\u2026<\/li><\/ul><p>\u00a0<\/p><p>We zijn op zoek naar deze verschillende specialisaties binnen het Wolu20 Medisch Centrum.<br \/>Als je ge\u00efnteresseerd bent, neem dan contact met ons op via e-mail:\u00a0<a href=\"mailto:info@wolu20medicalcenter.be\">info@wolu20medicalcenter.be<\/a>Wij zijn beschikbaar om al uw vragen te beantwoorden.<br \/>We zijn een jong team, met een zeer familiale sfeer. We kijken er naar uit u te mogen verwelkomen in ons medisch centrum!<\/p>\t\t\t\t\t\t\t\t<\/div>\n\t\t\t\t<\/div>\n\t\t\t\t\t<\/div>\n\t\t<\/div>\n\t\t\t\t<div class=\"elementor-column elementor-col-33 elementor-inner-column elementor-element elementor-element-b2875e2\" data-id=\"b2875e2\" data-element_type=\"column\" data-e-type=\"column\" data-settings=\"{&quot;background_background&quot;:&quot;classic&quot;}\">\n\t\t\t<div class=\"elementor-widget-wrap elementor-element-populated\">\n\t\t\t\t\t\t<div class=\"elementor-element elementor-element-6bd1926 elementor-widget elementor-widget-theme-site-logo elementor-widget-image\" data-id=\"6bd1926\" data-element_type=\"widget\" data-e-type=\"widget\" data-widget_type=\"theme-site-logo.default\">\n\t\t\t\t<div class=\"elementor-widget-container\">\n\t\t\t\t\t\t\t\t\t\t\t<a href=\"https:\/\/wolu20medicalcenter.be\/nl\">\n\t\t\t<img decoding=\"async\" width=\"205\" height=\"108\" src=\"https:\/\/wolu20medicalcenter.be\/wp-content\/uploads\/cropped-logo.png\" class=\"attachment-full size-full wp-image-428\" alt=\"Logo Wolu20\" title=\"\">\t\t\t\t<\/a>\n\t\t\t\t\t\t\t\t\t\t\t<\/div>\n\t\t\t\t<\/div>\n\t\t\t\t\t<\/div>\n\t\t<\/div>\n\t\t\t\t\t<\/div>\n\t\t<\/section>\n\t\t\t\t\t<\/div>\n\t\t<\/div>\n\t\t\t\t\t<\/div>\n\t\t<\/section>\n\t\t\t\t<\/div>","protected":false},"excerpt":{"rendered":"<p>Recherche collaborateurs M\u00e9decin g\u00e9n\u00e9raliste ou m\u00e9decin du sport, neuropsychologue, psychologue \u00e0 Woluwe Contact Neuropsychologue Psychologue Professeur de yoga Coach &#8230; \u00a0 Nous sommes \u00e0 la recherche de ces diff\u00e9rentes sp\u00e9cialisations au sein du Wolu20 Medical Center.Si vous \u00eates int\u00e9ress\u00e9s, n\u2019h\u00e9sitez pas \u00e0 nous contacter via l\u2019adresse mail:\u00a0info@wolu20medicalcenter.be, nous sommes disponibles pour r\u00e9pondre \u00e0 toutes vos [&hellip;]<\/p>\n","protected":false},"author":1,"featured_media":0,"parent":0,"menu_order":0,"comment_status":"closed","ping_status":"closed","template":"elementor_header_footer","meta":{"_acf_changed":false,"footnotes":""},"class_list":["post-1506","page","type-page","status-publish","hentry"],"acf":[],"_links":{"self":[{"href":"https:\/\/wolu20medicalcenter.be\/nl\/wp-json\/wp\/v2\/pages\/1506","targetHints":{"allow":["GET"]}}],"collection":[{"href":"https:\/\/wolu20medicalcenter.be\/nl\/wp-json\/wp\/v2\/pages"}],"about":[{"href":"https:\/\/wolu20medicalcenter.be\/nl\/wp-json\/wp\/v2\/types\/page"}],"author":[{"embeddable":true,"href":"https:\/\/wolu20medicalcenter.be\/nl\/wp-json\/wp\/v2\/users\/1"}],"replies":[{"embeddable":true,"href":"https:\/\/wolu20medicalcenter.be\/nl\/wp-json\/wp\/v2\/comments?post=1506"}],"version-history":[{"count":10,"href":"https:\/\/wolu20medicalcenter.be\/nl\/wp-json\/wp\/v2\/pages\/1506\/revisions"}],"predecessor-version":[{"id":2262,"href":"https:\/\/wolu20medicalcenter.be\/nl\/wp-json\/wp\/v2\/pages\/1506\/revisions\/2262"}],"wp:attachment":[{"href":"https:\/\/wolu20medicalcenter.be\/nl\/wp-json\/wp\/v2\/media?parent=1506"}],"curies":[{"name":"wp","href":"https:\/\/api.w.org\/{rel}","templated":true}]}}